{"id":1024,"date":"2019-07-01T15:43:29","date_gmt":"2019-07-01T13:43:29","guid":{"rendered":"https:\/\/www.saskers.com\/?page_id=1024"},"modified":"2019-07-29T22:57:39","modified_gmt":"2019-07-29T20:57:39","slug":"transport","status":"publish","type":"page","link":"https:\/\/www.saskers.com\/en\/transport\/","title":{"rendered":"Transportation"},"content":{"rendered":"<p>Pod mark\u0105 SASKERS Transport oferujemy Pa\u0144stwu kompleksowe us\u0142ugi transportowe:<\/p>\n<ul>\n<li>transporty lotniskowe<\/li>\n<li>przejazdy biznesowe<\/li>\n<li>us\u0142ug\u0119 chauffeur<\/li>\n<li>wycieczki z przewodnikiem po ca\u0142ej Polsce<\/li>\n<li>transport pilot\u00f3w i stewardess<\/li>\n<li>obs\u0142ug\u0119 event\u00f3w i koncert\u00f3w<\/li>\n<\/ul>\n<p>Do Pa\u0144stwa dyspozycji jest flota nowoczesnych i luksusowych samochod\u00f3w marki Mercedes<\/p>\n<div id='gallery-1' class='gallery galleryid-1024 gallery-columns-4 gallery-size-thumbnail'><figure class='gallery-item'>\n\t\t\t<div class='gallery-icon portrait'>\n\t\t\t\t<a href='https:\/\/www.saskers.com\/wp-content\/uploads\/2019\/07\/01.jpg' rel=\"lightbox[1024]\"><img loading=\"lazy\" decoding=\"async\" width=\"100\" height=\"58\" src=\"https:\/\/www.saskers.com\/wp-content\/uploads\/2019\/07\/01-480x280.jpg\" class=\"attachment-thumbnail size-thumbnail\" alt=\"\" \/><\/a>\n\t\t\t<\/div><\/figure><figure class='gallery-item'>\n\t\t\t<div class='gallery-icon landscape'>\n\t\t\t\t<a href='https:\/\/www.saskers.com\/wp-content\/uploads\/2019\/07\/04.jpg' rel=\"lightbox[1024]\"><img loading=\"lazy\" decoding=\"async\" width=\"100\" height=\"58\" src=\"https:\/\/www.saskers.com\/wp-content\/uploads\/2019\/07\/04-480x280.jpg\" class=\"attachment-thumbnail size-thumbnail\" alt=\"\" \/><\/a>\n\t\t\t<\/div><\/figure><figure class='gallery-item'>\n\t\t\t<div class='gallery-icon landscape'>\n\t\t\t\t<a href='https:\/\/www.saskers.com\/wp-content\/uploads\/2019\/07\/06.jpg' rel=\"lightbox[1024]\"><img loading=\"lazy\" decoding=\"async\" width=\"100\" height=\"58\" src=\"https:\/\/www.saskers.com\/wp-content\/uploads\/2019\/07\/06-480x280.jpg\" class=\"attachment-thumbnail size-thumbnail\" alt=\"\" \/><\/a>\n\t\t\t<\/div><\/figure><figure class='gallery-item'>\n\t\t\t<div class='gallery-icon portrait'>\n\t\t\t\t<a href='https:\/\/www.saskers.com\/wp-content\/uploads\/2019\/07\/05.jpg' rel=\"lightbox[1024]\"><img loading=\"lazy\" decoding=\"async\" width=\"100\" height=\"58\" src=\"https:\/\/www.saskers.com\/wp-content\/uploads\/2019\/07\/05-480x280.jpg\" class=\"attachment-thumbnail size-thumbnail\" alt=\"\" \/><\/a>\n\t\t\t<\/div><\/figure><figure class='gallery-item'>\n\t\t\t<div class='gallery-icon landscape'>\n\t\t\t\t<a href='https:\/\/www.saskers.com\/wp-content\/uploads\/2019\/07\/02.jpg' rel=\"lightbox[1024]\"><img loading=\"lazy\" decoding=\"async\" width=\"100\" height=\"58\" src=\"https:\/\/www.saskers.com\/wp-content\/uploads\/2019\/07\/02-480x280.jpg\" class=\"attachment-thumbnail size-thumbnail\" alt=\"\" \/><\/a>\n\t\t\t<\/div><\/figure><figure class='gallery-item'>\n\t\t\t<div class='gallery-icon landscape'>\n\t\t\t\t<a href='https:\/\/www.saskers.com\/wp-content\/uploads\/2019\/07\/07.jpg' rel=\"lightbox[1024]\"><img loading=\"lazy\" decoding=\"async\" width=\"100\" height=\"58\" src=\"https:\/\/www.saskers.com\/wp-content\/uploads\/2019\/07\/07-480x280.jpg\" class=\"attachment-thumbnail size-thumbnail\" alt=\"\" \/><\/a>\n\t\t\t<\/div><\/figure><figure class='gallery-item'>\n\t\t\t<div class='gallery-icon landscape'>\n\t\t\t\t<a href='https:\/\/www.saskers.com\/wp-content\/uploads\/2019\/07\/08.jpg' rel=\"lightbox[1024]\"><img loading=\"lazy\" decoding=\"async\" width=\"100\" height=\"58\" src=\"https:\/\/www.saskers.com\/wp-content\/uploads\/2019\/07\/08-480x280.jpg\" class=\"attachment-thumbnail size-thumbnail\" alt=\"\" \/><\/a>\n\t\t\t<\/div><\/figure><figure class='gallery-item'>\n\t\t\t<div class='gallery-icon portrait'>\n\t\t\t\t<a href='https:\/\/www.saskers.com\/wp-content\/uploads\/2019\/07\/03.jpg' rel=\"lightbox[1024]\"><img loading=\"lazy\" decoding=\"async\" width=\"100\" height=\"58\" src=\"https:\/\/www.saskers.com\/wp-content\/uploads\/2019\/07\/03-480x280.jpg\" class=\"attachment-thumbnail size-thumbnail\" alt=\"\" \/><\/a>\n\t\t\t<\/div><\/figure>\n\t\t<\/div>\n\n<p>Nasi kierowcy to do\u015bwiadczeni profesjonali\u015bci, znaj\u0105cy j\u0119zyk angielski. Obs\u0142ugujemy zar\u00f3wno du\u017ce podmioty jak i zlecenia prywatne. W naszej ofercie posiadamy tak\u017ce licencjonowanych przewodnik\u00f3w.<\/p>\n<p>Prosimy o kontakt pod numerami telefon\u00f3w: 502 636 604 lub 501 288 080<\/p>\n","protected":false},"excerpt":{"rendered":"<p>Pod mark\u0105 SASKERS Transport oferujemy Pa\u0144stwu kompleksowe us\u0142ugi transportowe: transporty lotniskowe przejazdy biznesowe us\u0142ug\u0119 chauffeur wycieczki z przewodnikiem po ca\u0142ej Polsce transport pilot\u00f3w i stewardess obs\u0142ug\u0119 event\u00f3w i koncert\u00f3w Do Pa\u0144stwa dyspozycji jest flota nowoczesnych i luksusowych samochod\u00f3w marki Mercedes Nasi kierowcy to do\u015bwiadczeni profesjonali\u015bci, znaj\u0105cy j\u0119zyk angielski. Obs\u0142ugujemy zar\u00f3wno du\u017ce podmioty jak i zlecenia&hellip;&nbsp;<a href=\"https:\/\/www.saskers.com\/en\/transport\/\" rel=\"bookmark\">Read More &raquo;<span class=\"screen-reader-text\">Transportation<\/span><\/a><\/p>","protected":false},"author":2,"featured_media":1043,"parent":0,"menu_order":0,"comment_status":"closed","ping_status":"closed","template":"page-template\/_fullwidth.php","meta":{"_crdt_document":"","neve_meta_sidebar":"","neve_meta_container":"","neve_meta_enable_content_width":"","neve_meta_content_width":0,"neve_meta_title_alignment":"","neve_meta_author_avatar":"","neve_post_elements_order":"","neve_meta_disable_header":"","neve_meta_disable_footer":"","neve_meta_disable_title":"","footnotes":""},"class_list":["post-1024","page","type-page","status-publish","has-post-thumbnail","hentry"],"yoast_head":"<!-- This site is optimized with the Yoast SEO plugin v27.1.1 - https:\/\/yoast.com\/product\/yoast-seo-wordpress\/ -->\n<title>Transport - SASKERS<\/title>\n<meta name=\"robots\" content=\"index, follow, max-snippet:-1, max-image-preview:large, max-video-preview:-1\" \/>\n<link rel=\"canonical\" href=\"https:\/\/www.saskers.com\/en\/transport\/\" \/>\n<meta property=\"og:locale\" content=\"en_GB\" \/>\n<meta property=\"og:type\" content=\"article\" \/>\n<meta property=\"og:title\" content=\"Transport - SASKERS\" \/>\n<meta property=\"og:description\" content=\"Pod mark\u0105 SASKERS Transport oferujemy Pa\u0144stwu kompleksowe us\u0142ugi transportowe: transporty lotniskowe przejazdy biznesowe us\u0142ug\u0119 chauffeur wycieczki z przewodnikiem po ca\u0142ej Polsce transport pilot\u00f3w i stewardess obs\u0142ug\u0119 event\u00f3w i koncert\u00f3w Do Pa\u0144stwa dyspozycji jest flota nowoczesnych i luksusowych samochod\u00f3w marki Mercedes Nasi kierowcy to do\u015bwiadczeni profesjonali\u015bci, znaj\u0105cy j\u0119zyk angielski. Obs\u0142ugujemy zar\u00f3wno du\u017ce podmioty jak i zlecenia&hellip;&nbsp;Read More &raquo;Transport\" \/>\n<meta property=\"og:url\" content=\"https:\/\/www.saskers.com\/en\/transport\/\" \/>\n<meta property=\"og:site_name\" content=\"SASKERS\" \/>\n<meta property=\"article:publisher\" content=\"http:\/\/www.facebook.com\/saskersprace\/\" \/>\n<meta property=\"article:modified_time\" content=\"2019-07-29T20:57:39+00:00\" \/>\n<meta property=\"og:image\" content=\"https:\/\/www.saskers.com\/wp-content\/uploads\/2019\/07\/transport_bar.jpg\" \/>\n\t<meta property=\"og:image:width\" content=\"1020\" \/>\n\t<meta property=\"og:image:height\" content=\"255\" \/>\n\t<meta property=\"og:image:type\" content=\"image\/jpeg\" \/>\n<meta name=\"twitter:card\" content=\"summary_large_image\" \/>\n<script type=\"application\/ld+json\" class=\"yoast-schema-graph\">{\"@context\":\"https:\/\/schema.org\",\"@graph\":[{\"@type\":\"WebPage\",\"@id\":\"https:\/\/www.saskers.com\/transport\/\",\"url\":\"https:\/\/www.saskers.com\/transport\/\",\"name\":\"Transport - SASKERS\",\"isPartOf\":{\"@id\":\"https:\/\/www.saskers.com\/#website\"},\"primaryImageOfPage\":{\"@id\":\"https:\/\/www.saskers.com\/transport\/#primaryimage\"},\"image\":{\"@id\":\"https:\/\/www.saskers.com\/transport\/#primaryimage\"},\"thumbnailUrl\":\"https:\/\/www.saskers.com\/wp-content\/uploads\/2019\/07\/transport_bar.jpg\",\"datePublished\":\"2019-07-01T13:43:29+00:00\",\"dateModified\":\"2019-07-29T20:57:39+00:00\",\"breadcrumb\":{\"@id\":\"https:\/\/www.saskers.com\/transport\/#breadcrumb\"},\"inLanguage\":\"en-GB\",\"potentialAction\":[{\"@type\":\"ReadAction\",\"target\":[\"https:\/\/www.saskers.com\/transport\/\"]}]},{\"@type\":\"ImageObject\",\"inLanguage\":\"en-GB\",\"@id\":\"https:\/\/www.saskers.com\/transport\/#primaryimage\",\"url\":\"https:\/\/www.saskers.com\/wp-content\/uploads\/2019\/07\/transport_bar.jpg\",\"contentUrl\":\"https:\/\/www.saskers.com\/wp-content\/uploads\/2019\/07\/transport_bar.jpg\",\"width\":1020,\"height\":255},{\"@type\":\"BreadcrumbList\",\"@id\":\"https:\/\/www.saskers.com\/transport\/#breadcrumb\",\"itemListElement\":[{\"@type\":\"ListItem\",\"position\":1,\"name\":\"Strona g\u0142\u00f3wna\",\"item\":\"https:\/\/www.saskers.com\/\"},{\"@type\":\"ListItem\",\"position\":2,\"name\":\"Transport\"}]},{\"@type\":\"WebSite\",\"@id\":\"https:\/\/www.saskers.com\/#website\",\"url\":\"https:\/\/www.saskers.com\/\",\"name\":\"SASKERS\",\"description\":\"My zrobimy to DOBRZE\",\"publisher\":{\"@id\":\"https:\/\/www.saskers.com\/#organization\"},\"potentialAction\":[{\"@type\":\"SearchAction\",\"target\":{\"@type\":\"EntryPoint\",\"urlTemplate\":\"https:\/\/www.saskers.com\/?s={search_term_string}\"},\"query-input\":{\"@type\":\"PropertyValueSpecification\",\"valueRequired\":true,\"valueName\":\"search_term_string\"}}],\"inLanguage\":\"en-GB\"},{\"@type\":\"Organization\",\"@id\":\"https:\/\/www.saskers.com\/#organization\",\"name\":\"SASKERS\",\"url\":\"https:\/\/www.saskers.com\/\",\"logo\":{\"@type\":\"ImageObject\",\"inLanguage\":\"en-GB\",\"@id\":\"https:\/\/www.saskers.com\/#\/schema\/logo\/image\/\",\"url\":\"https:\/\/www.saskers.com\/wp-content\/uploads\/2020\/12\/web-agency-logo-3.png\",\"contentUrl\":\"https:\/\/www.saskers.com\/wp-content\/uploads\/2020\/12\/web-agency-logo-3.png\",\"width\":200,\"height\":200,\"caption\":\"SASKERS\"},\"image\":{\"@id\":\"https:\/\/www.saskers.com\/#\/schema\/logo\/image\/\"},\"sameAs\":[\"http:\/\/www.facebook.com\/saskersprace\/\"]}]}<\/script>\n<!-- \/ Yoast SEO plugin. -->","yoast_head_json":{"title":"Transport - SASKERS","robots":{"index":"index","follow":"follow","max-snippet":"max-snippet:-1","max-image-preview":"max-image-preview:large","max-video-preview":"max-video-preview:-1"},"canonical":"https:\/\/www.saskers.com\/en\/transport\/","og_locale":"en_GB","og_type":"article","og_title":"Transport - SASKERS","og_description":"Pod mark\u0105 SASKERS Transport oferujemy Pa\u0144stwu kompleksowe us\u0142ugi transportowe: transporty lotniskowe przejazdy biznesowe us\u0142ug\u0119 chauffeur wycieczki z przewodnikiem po ca\u0142ej Polsce transport pilot\u00f3w i stewardess obs\u0142ug\u0119 event\u00f3w i koncert\u00f3w Do Pa\u0144stwa dyspozycji jest flota nowoczesnych i luksusowych samochod\u00f3w marki Mercedes Nasi kierowcy to do\u015bwiadczeni profesjonali\u015bci, znaj\u0105cy j\u0119zyk angielski. Obs\u0142ugujemy zar\u00f3wno du\u017ce podmioty jak i zlecenia&hellip;&nbsp;Read More &raquo;Transport","og_url":"https:\/\/www.saskers.com\/en\/transport\/","og_site_name":"SASKERS","article_publisher":"http:\/\/www.facebook.com\/saskersprace\/","article_modified_time":"2019-07-29T20:57:39+00:00","og_image":[{"width":1020,"height":255,"url":"https:\/\/www.saskers.com\/wp-content\/uploads\/2019\/07\/transport_bar.jpg","type":"image\/jpeg"}],"twitter_card":"summary_large_image","schema":{"@context":"https:\/\/schema.org","@graph":[{"@type":"WebPage","@id":"https:\/\/www.saskers.com\/transport\/","url":"https:\/\/www.saskers.com\/transport\/","name":"Transport - SASKERS","isPartOf":{"@id":"https:\/\/www.saskers.com\/#website"},"primaryImageOfPage":{"@id":"https:\/\/www.saskers.com\/transport\/#primaryimage"},"image":{"@id":"https:\/\/www.saskers.com\/transport\/#primaryimage"},"thumbnailUrl":"https:\/\/www.saskers.com\/wp-content\/uploads\/2019\/07\/transport_bar.jpg","datePublished":"2019-07-01T13:43:29+00:00","dateModified":"2019-07-29T20:57:39+00:00","breadcrumb":{"@id":"https:\/\/www.saskers.com\/transport\/#breadcrumb"},"inLanguage":"en-GB","potentialAction":[{"@type":"ReadAction","target":["https:\/\/www.saskers.com\/transport\/"]}]},{"@type":"ImageObject","inLanguage":"en-GB","@id":"https:\/\/www.saskers.com\/transport\/#primaryimage","url":"https:\/\/www.saskers.com\/wp-content\/uploads\/2019\/07\/transport_bar.jpg","contentUrl":"https:\/\/www.saskers.com\/wp-content\/uploads\/2019\/07\/transport_bar.jpg","width":1020,"height":255},{"@type":"BreadcrumbList","@id":"https:\/\/www.saskers.com\/transport\/#breadcrumb","itemListElement":[{"@type":"ListItem","position":1,"name":"Strona g\u0142\u00f3wna","item":"https:\/\/www.saskers.com\/"},{"@type":"ListItem","position":2,"name":"Transport"}]},{"@type":"WebSite","@id":"https:\/\/www.saskers.com\/#website","url":"https:\/\/www.saskers.com\/","name":"SASKERS","description":"My zrobimy to DOBRZE","publisher":{"@id":"https:\/\/www.saskers.com\/#organization"},"potentialAction":[{"@type":"SearchAction","target":{"@type":"EntryPoint","urlTemplate":"https:\/\/www.saskers.com\/?s={search_term_string}"},"query-input":{"@type":"PropertyValueSpecification","valueRequired":true,"valueName":"search_term_string"}}],"inLanguage":"en-GB"},{"@type":"Organization","@id":"https:\/\/www.saskers.com\/#organization","name":"SASKERS","url":"https:\/\/www.saskers.com\/","logo":{"@type":"ImageObject","inLanguage":"en-GB","@id":"https:\/\/www.saskers.com\/#\/schema\/logo\/image\/","url":"https:\/\/www.saskers.com\/wp-content\/uploads\/2020\/12\/web-agency-logo-3.png","contentUrl":"https:\/\/www.saskers.com\/wp-content\/uploads\/2020\/12\/web-agency-logo-3.png","width":200,"height":200,"caption":"SASKERS"},"image":{"@id":"https:\/\/www.saskers.com\/#\/schema\/logo\/image\/"},"sameAs":["http:\/\/www.facebook.com\/saskersprace\/"]}]}},"rttpg_featured_image_url":{"full":["https:\/\/www.saskers.com\/wp-content\/uploads\/2019\/07\/transport_bar.jpg",1020,255,false],"landscape":["https:\/\/www.saskers.com\/wp-content\/uploads\/2019\/07\/transport_bar.jpg",1020,255,false],"portraits":["https:\/\/www.saskers.com\/wp-content\/uploads\/2019\/07\/transport_bar.jpg",1020,255,false],"thumbnail":["https:\/\/www.saskers.com\/wp-content\/uploads\/2019\/07\/transport_bar-480x255.jpg",100,53,true],"medium":["https:\/\/www.saskers.com\/wp-content\/uploads\/2019\/07\/transport_bar-632x158.jpg",632,158,true],"large":["https:\/\/www.saskers.com\/wp-content\/uploads\/2019\/07\/transport_bar-1020x255.jpg",1020,255,true],"1536x1536":["https:\/\/www.saskers.com\/wp-content\/uploads\/2019\/07\/transport_bar.jpg",1020,255,false],"2048x2048":["https:\/\/www.saskers.com\/wp-content\/uploads\/2019\/07\/transport_bar.jpg",1020,255,false],"trp-custom-language-flag":["https:\/\/www.saskers.com\/wp-content\/uploads\/2019\/07\/transport_bar.jpg",18,5,false],"neve-blog":["https:\/\/www.saskers.com\/wp-content\/uploads\/2019\/07\/transport_bar.jpg",930,233,false]},"rttpg_author":{"display_name":"Wu Mat\u0142acki","author_link":"https:\/\/www.saskers.com\/en\/author\/adminsaskers\/"},"rttpg_comment":0,"rttpg_category":null,"rttpg_excerpt":"Pod mark\u0105 SASKERS Transport oferujemy Pa\u0144stwu kompleksowe us\u0142ugi transportowe: transporty lotniskowe przejazdy biznesowe us\u0142ug\u0119 chauffeur wycieczki z przewodnikiem po ca\u0142ej Polsce transport pilot\u00f3w i stewardess obs\u0142ug\u0119 event\u00f3w i koncert\u00f3w Do Pa\u0144stwa dyspozycji jest flota nowoczesnych i luksusowych samochod\u00f3w marki Mercedes Nasi kierowcy to do\u015bwiadczeni profesjonali\u015bci, znaj\u0105cy j\u0119zyk angielski. Obs\u0142ugujemy zar\u00f3wno du\u017ce podmioty jak i zlecenia&hellip;&nbsp;Read&hellip;","_links":{"self":[{"href":"https:\/\/www.saskers.com\/en\/wp-json\/wp\/v2\/pages\/1024","targetHints":{"allow":["GET"]}}],"collection":[{"href":"https:\/\/www.saskers.com\/en\/wp-json\/wp\/v2\/pages"}],"about":[{"href":"https:\/\/www.saskers.com\/en\/wp-json\/wp\/v2\/types\/page"}],"author":[{"embeddable":true,"href":"https:\/\/www.saskers.com\/en\/wp-json\/wp\/v2\/users\/2"}],"replies":[{"embeddable":true,"href":"https:\/\/www.saskers.com\/en\/wp-json\/wp\/v2\/comments?post=1024"}],"version-history":[{"count":7,"href":"https:\/\/www.saskers.com\/en\/wp-json\/wp\/v2\/pages\/1024\/revisions"}],"predecessor-version":[{"id":1044,"href":"https:\/\/www.saskers.com\/en\/wp-json\/wp\/v2\/pages\/1024\/revisions\/1044"}],"wp:featuredmedia":[{"embeddable":true,"href":"https:\/\/www.saskers.com\/en\/wp-json\/wp\/v2\/media\/1043"}],"wp:attachment":[{"href":"https:\/\/www.saskers.com\/en\/wp-json\/wp\/v2\/media?parent=1024"}],"curies":[{"name":"wp","href":"https:\/\/api.w.org\/{rel}","templated":true}]}}