{"id":1302,"date":"2022-03-14T00:22:59","date_gmt":"2022-03-13T23:22:59","guid":{"rendered":"https:\/\/www.saskers.com\/?page_id=1302"},"modified":"2025-03-23T17:55:37","modified_gmt":"2025-03-23T16:55:37","slug":"magnetyczne-badania-lin-stalowych-mrt","status":"publish","type":"page","link":"https:\/\/www.saskers.com\/en\/oferta\/magnetyczne-badania-lin-stalowych-mrt\/","title":{"rendered":"Magnetic Rope Testing \u2013 MRT"},"content":{"rendered":"\n<p class=\"wp-block-paragraph\">Liny stalowe odgrywaj\u0105 niezwykle istotn\u0105 rol\u0119 w konstrukcjach stalowych, pe\u0142ni\u0105c funkcj\u0119 no\u015bn\u0105 i wp\u0142ywaj\u0105c bezpo\u015brednio na bezpiecze\u0144stwo oraz trwa\u0142o\u015b\u0107 tych konstrukcji. Dlatego zachowanie ich idealnej kondycji jest nie tylko wa\u017cne, ale wr\u0119cz kluczowe. Warto zrozumie\u0107, \u017ce stan techniczny lin stalowych mo\u017ce wp\u0142ywa\u0107 na ca\u0142\u0105 konstrukcj\u0119, dlatego te\u017c regularne przegl\u0105dy i serwisowanie s\u0105 niezb\u0119dne. Jednak\u017ce, cz\u0119sto takie zadania s\u0105 wyj\u0105tkowo wymagaj\u0105ce i mog\u0105 wymaga\u0107 zastosowania specjalistycznych technik, w tym r\u00f3wnie\u017c technik alpinistycznych.<\/p>\n\n\n\n<h2 class=\"wp-block-heading\">Przegl\u0105dy lin stalowych z u\u017cyciem technik alpinistycznych<\/h2>\n\n\n\n<p class=\"wp-block-paragraph\">Przegl\u0105d i serwisowanie lin stalowych, zw\u0142aszcza tych umieszczonych na du\u017cych wysoko\u015bciach lub w trudno dost\u0119pnych miejscach, stanowi wyzwanie logistyczne i techniczne. W takich przypadkach cz\u0119sto niezb\u0119dne jest wykorzystanie technik alpinistycznych, co dodatkowo komplikuje zadanie. Dla firmy SASKERS, kt\u00f3ra specjalizuje si\u0119 w pracach wysoko\u015bciowych i pracach na konstrukcjach stalowych, wyzwaniem by\u0142o znalezienie efektywnego i precyzyjnego sposobu na przegl\u0105d i serwis lin stalowych bez konieczno\u015bci rezygnacji z dok\u0142adno\u015bci tych bada\u0144.<\/p>\n\n\n\n<h2 class=\"wp-block-heading\">MRT &#8211; Innowacyjne rozwi\u0105zanie u\u0142atwiaj\u0105ce przegl\u0105dy lin stalowych<\/h2>\n\n\n\n<p class=\"wp-block-paragraph\">Firma SASKERS z dum\u0105 prezentuje innowacyjne i sprawdzone rozwi\u0105zania, kt\u00f3re u\u0142atwiaj\u0105 przegl\u0105dy i serwisowanie lin stalowych, nawet w trudno dost\u0119pnych miejscach. Dzi\u0119ki stosowaniu zaawansowanej technologii MRT oraz do\u015bwiadczeniu w dziedzinie prac wysoko\u015bciowych, jeste\u015bmy w stanie przeprowadza\u0107 precyzyjne przegl\u0105dy i niezb\u0119dne naprawy bez ryzyka straty dok\u0142adno\u015bci oraz bezpiecze\u0144stwa. Nasze rozwi\u0105zania zmieniaj\u0105 spos\u00f3b, w jaki przegl\u0105dy lin stalowych s\u0105 wykonywane, a jednocze\u015bnie zapewniaj\u0105 niezmienn\u0105 jako\u015b\u0107 i skuteczno\u015b\u0107 bada\u0144.<\/p>\n\n\n\n<div class=\"wp-block-buttons is-content-justification-center is-layout-flex wp-container-core-buttons-is-layout-fe48e5de wp-block-buttons-is-layout-flex\">\n<div class=\"wp-block-button has-custom-width wp-block-button__width-50 is-style-primary\"><a class=\"wp-block-button__link wp-element-button\" href=\"tel:+48660824999\">ZAM\u00d3W MAGNETYCZNE BADANIE LIN +48 660 824 999<\/a><\/div>\n<\/div>\n\n\n\n<div style=\"height:40px\" aria-hidden=\"true\" class=\"wp-block-spacer\"><\/div>\n\n\n\n<figure class=\"wp-block-gallery has-nested-images columns-2 is-cropped wp-block-gallery-1 is-layout-flex wp-block-gallery-is-layout-flex\">\n<figure class=\"wp-block-image size-large\"><a href=\"https:\/\/www.saskers.com\/wp-content\/uploads\/2022\/03\/LRM-2022-03-10-at-18.56.30-1.jpeg\" rel=\"lightbox[1302]\"><img loading=\"lazy\" decoding=\"async\" width=\"1020\" height=\"765\" data-id=\"1303\" src=\"https:\/\/www.saskers.com\/wp-content\/uploads\/2022\/03\/LRM-2022-03-10-at-18.56.30-1-1020x765.jpeg\" alt=\"badania lin stalowych z wykorzystaniem urz\u0105dzenia MRT\" class=\"wp-image-1303\" srcset=\"https:\/\/www.saskers.com\/wp-content\/uploads\/2022\/03\/LRM-2022-03-10-at-18.56.30-1-1020x765.jpeg 1020w, https:\/\/www.saskers.com\/wp-content\/uploads\/2022\/03\/LRM-2022-03-10-at-18.56.30-1-632x474.jpeg 632w, https:\/\/www.saskers.com\/wp-content\/uploads\/2022\/03\/LRM-2022-03-10-at-18.56.30-1-768x576.jpeg 768w, https:\/\/www.saskers.com\/wp-content\/uploads\/2022\/03\/LRM-2022-03-10-at-18.56.30-1-1536x1152.jpeg 1536w, https:\/\/www.saskers.com\/wp-content\/uploads\/2022\/03\/LRM-2022-03-10-at-18.56.30-1-16x12.jpeg 16w, https:\/\/www.saskers.com\/wp-content\/uploads\/2022\/03\/LRM-2022-03-10-at-18.56.30-1.jpeg 2000w\" sizes=\"auto, (max-width: 1020px) 100vw, 1020px\" \/><\/a><\/figure>\n\n\n\n<figure class=\"wp-block-image size-large\"><a href=\"https:\/\/www.saskers.com\/wp-content\/uploads\/2022\/03\/LRM-2022-03-10-at-18.56.30-2.jpeg\" rel=\"lightbox[1302]\"><img loading=\"lazy\" decoding=\"async\" width=\"1020\" height=\"765\" data-id=\"1306\" src=\"https:\/\/www.saskers.com\/wp-content\/uploads\/2022\/03\/LRM-2022-03-10-at-18.56.30-2-1020x765.jpeg\" alt=\"badania lin stalowych z wykorzystaniem urz\u0105dzenia MRT\" class=\"wp-image-1306\" srcset=\"https:\/\/www.saskers.com\/wp-content\/uploads\/2022\/03\/LRM-2022-03-10-at-18.56.30-2-1020x765.jpeg 1020w, https:\/\/www.saskers.com\/wp-content\/uploads\/2022\/03\/LRM-2022-03-10-at-18.56.30-2-632x474.jpeg 632w, https:\/\/www.saskers.com\/wp-content\/uploads\/2022\/03\/LRM-2022-03-10-at-18.56.30-2-768x576.jpeg 768w, https:\/\/www.saskers.com\/wp-content\/uploads\/2022\/03\/LRM-2022-03-10-at-18.56.30-2-1536x1152.jpeg 1536w, https:\/\/www.saskers.com\/wp-content\/uploads\/2022\/03\/LRM-2022-03-10-at-18.56.30-2-16x12.jpeg 16w, https:\/\/www.saskers.com\/wp-content\/uploads\/2022\/03\/LRM-2022-03-10-at-18.56.30-2.jpeg 2000w\" sizes=\"auto, (max-width: 1020px) 100vw, 1020px\" \/><\/a><\/figure>\n\n\n\n<figure class=\"wp-block-image size-large\"><a href=\"https:\/\/www.saskers.com\/wp-content\/uploads\/2022\/03\/LRM-2022-03-10-at-18.56.31.jpeg\" rel=\"lightbox[1302]\"><img loading=\"lazy\" decoding=\"async\" width=\"1020\" height=\"765\" data-id=\"1305\" src=\"https:\/\/www.saskers.com\/wp-content\/uploads\/2022\/03\/LRM-2022-03-10-at-18.56.31-1020x765.jpeg\" alt=\"badania lin stalowych z wykorzystaniem urz\u0105dzenia MRT\" class=\"wp-image-1305\" srcset=\"https:\/\/www.saskers.com\/wp-content\/uploads\/2022\/03\/LRM-2022-03-10-at-18.56.31-1020x765.jpeg 1020w, https:\/\/www.saskers.com\/wp-content\/uploads\/2022\/03\/LRM-2022-03-10-at-18.56.31-632x474.jpeg 632w, https:\/\/www.saskers.com\/wp-content\/uploads\/2022\/03\/LRM-2022-03-10-at-18.56.31-768x576.jpeg 768w, https:\/\/www.saskers.com\/wp-content\/uploads\/2022\/03\/LRM-2022-03-10-at-18.56.31-1536x1152.jpeg 1536w, https:\/\/www.saskers.com\/wp-content\/uploads\/2022\/03\/LRM-2022-03-10-at-18.56.31-16x12.jpeg 16w, https:\/\/www.saskers.com\/wp-content\/uploads\/2022\/03\/LRM-2022-03-10-at-18.56.31.jpeg 1600w\" sizes=\"auto, (max-width: 1020px) 100vw, 1020px\" \/><\/a><\/figure>\n\n\n\n<figure class=\"wp-block-image size-large\"><a href=\"https:\/\/www.saskers.com\/wp-content\/uploads\/2022\/03\/LRM-2022-03-10-at-18.56.30.jpeg\" rel=\"lightbox[1302]\"><img loading=\"lazy\" decoding=\"async\" width=\"1020\" height=\"765\" data-id=\"1304\" src=\"https:\/\/www.saskers.com\/wp-content\/uploads\/2022\/03\/LRM-2022-03-10-at-18.56.30-1020x765.jpeg\" alt=\"badania lin stalowych z wykorzystaniem urz\u0105dzenia MRT\" class=\"wp-image-1304\" srcset=\"https:\/\/www.saskers.com\/wp-content\/uploads\/2022\/03\/LRM-2022-03-10-at-18.56.30-1020x765.jpeg 1020w, https:\/\/www.saskers.com\/wp-content\/uploads\/2022\/03\/LRM-2022-03-10-at-18.56.30-632x474.jpeg 632w, https:\/\/www.saskers.com\/wp-content\/uploads\/2022\/03\/LRM-2022-03-10-at-18.56.30-768x576.jpeg 768w, https:\/\/www.saskers.com\/wp-content\/uploads\/2022\/03\/LRM-2022-03-10-at-18.56.30-1536x1152.jpeg 1536w, https:\/\/www.saskers.com\/wp-content\/uploads\/2022\/03\/LRM-2022-03-10-at-18.56.30-16x12.jpeg 16w, https:\/\/www.saskers.com\/wp-content\/uploads\/2022\/03\/LRM-2022-03-10-at-18.56.30.jpeg 2000w\" sizes=\"auto, (max-width: 1020px) 100vw, 1020px\" \/><\/a><\/figure>\n<\/figure>\n\n\n\n<div style=\"height:40px\" aria-hidden=\"true\" class=\"wp-block-spacer\"><\/div>\n\n\n\n<h2 class=\"wp-block-heading\">DLACZEGO MRT?<\/h2>\n\n\n\n<p class=\"wp-block-paragraph\">W ramach <a href=\"https:\/\/www.saskers.com\/oferta\/przeglady-i-naprawy-konstrukcji-stalowych\/\">przegl\u0105d\u00f3w konstrukcji stalowych<\/a>, wykonujemy badania lin stalowych z wykorzystaniem urz\u0105dzenia MRT.&nbsp;Us\u0142ugi badania lin LRM wykonywane s\u0105 przez firm\u0119 SASKERS z wykorzystaniem systemu ci\u0105gn\u0105cego LRM, we wsp\u00f3\u0142pracy z <a href=\"https:\/\/lrm-nde.com\/\">Laboratorium LRM-NDE<\/a>.&nbsp;Badanie lin z wykorzystaniem systemu LRM pozwala na uzyskanie informacji o ich stanie technicznym. Wykrycie os\u0142abionych odcink\u00f3w lin jest przy u\u017cyciu technologii MRT o wiele \u0142atwiejsze. Ogromn\u0105 korzy\u015bci\u0105 jest mo\u017cliwo\u015b\u0107 regularnych bada\u0144 w celu wykrycia element\u00f3w skorodowanych, uszkodzonych lub ca\u0142kowicie zerwanych, zanim konstrukcja ulegnie trwa\u0142emu uszkodzeniu lub zniszczeniu.<\/p>\n\n\n\n<h2 class=\"wp-block-heading\">Na czym polega badanie lin stalowych &#8211; MRT?<\/h2>\n\n\n\n<p class=\"wp-block-paragraph\">Specjalna g\u0142owica pomiarowa z aparatur\u0105 jest umieszczana na linie stalowej i uruchamiany przejazd.&nbsp;Badanie umo\u017cliwia wykrycie pod\u0142u\u017cnych zmian przekroju liny z powodu korozji i zu\u017cycia oraz zmian lokalnych, na przyk\u0142ad zerwa\u0144 drut\u00f3w, w\u017cer\u00f3w z powodu korozji i innych uszkodze\u0144. Rezultaty takiego testu s\u0105 bardzo dok\u0142adne i znakomicie s\u0142u\u017c\u0105 jako materia\u0142 do remont\u00f3w konstrukcji stalowych opartych na linach. Z racji tego, i\u017c do sprawdzania lin wykorzystuje si\u0119 technik\u0119 magnetyczn\u0105, \u017cadna pow\u0142oka zabezpieczaj\u0105ca przed korozj\u0105 czy smar nie wp\u0142ywa na dok\u0142adno\u015b\u0107 badania.<\/p>\n\n\n\n<h2 class=\"wp-block-heading\">Sprawd\u017a liny stalowe w swojej konstrukcji<\/h2>\n\n\n\n<p class=\"wp-block-paragraph\">Stalowe liny no\u015bne konstrukcji s\u0105 bardzo wa\u017cnymi elementami. Ze wzgl\u0119du na prac\u0119 w zmiennych warunkach atmosferycznych liny stalowe jako element konstrukcji podwieszanych s\u0105 wystawione na du\u017co szybsze zu\u017cycie. Ich stan techniczny ma zasadniczy wp\u0142yw na ci\u0105g\u0142\u0105 bezawaryjn\u0105 eksploatacj\u0119, oraz na bezpiecze\u0144stwo os\u00f3b korzystaj\u0105cych z obiektu. Dlatego najwa\u017cniejsz\u0105 kwesti\u0105 jest skuteczna metoda oceny bezpiecze\u0144stwa eksploatacji kabli.<\/p>\n\n\n\n<p class=\"wp-block-paragraph\"><strong>Zadzwo\u0144 do nas od razu <a href=\"tel:+48660824999\">+48 660 824 999<\/a> albo <a href=\"tel:+48501288080\">+48 501 288 080<\/a> Zapraszamy tak\u017ce do <a href=\"https:\/\/www.saskers.com\/kontakt\/\">kontaktu z SASKERS przez formularz<\/a><\/strong><\/p>\n","protected":false},"excerpt":{"rendered":"<p>Liny stalowe odgrywaj\u0105 niezwykle istotn\u0105 rol\u0119 w konstrukcjach stalowych, pe\u0142ni\u0105c funkcj\u0119 no\u015bn\u0105 i wp\u0142ywaj\u0105c bezpo\u015brednio na bezpiecze\u0144stwo oraz trwa\u0142o\u015b\u0107 tych konstrukcji. Dlatego zachowanie ich idealnej kondycji jest nie tylko wa\u017cne, ale wr\u0119cz kluczowe. Warto zrozumie\u0107, \u017ce stan techniczny lin stalowych mo\u017ce wp\u0142ywa\u0107 na ca\u0142\u0105 konstrukcj\u0119, dlatego te\u017c regularne przegl\u0105dy i serwisowanie s\u0105 niezb\u0119dne. Jednak\u017ce, cz\u0119sto&hellip;&nbsp;<a href=\"https:\/\/www.saskers.com\/en\/oferta\/magnetyczne-badania-lin-stalowych-mrt\/\" rel=\"bookmark\">Read More &raquo;<span class=\"screen-reader-text\">Magnetic Rope Testing \u2013 MRT<\/span><\/a><\/p>","protected":false},"author":2,"featured_media":1308,"parent":12,"menu_order":0,"comment_status":"closed","ping_status":"closed","template":"","meta":{"_crdt_document":"","neve_meta_sidebar":"","neve_meta_container":"","neve_meta_enable_content_width":"","neve_meta_content_width":0,"neve_meta_title_alignment":"","neve_meta_author_avatar":"","neve_post_elements_order":"","neve_meta_disable_header":"","neve_meta_disable_footer":"","neve_meta_disable_title":"","footnotes":""},"class_list":["post-1302","page","type-page","status-publish","has-post-thumbnail","hentry"],"yoast_head":"<!-- This site is optimized with the Yoast SEO plugin v27.1.1 - https:\/\/yoast.com\/product\/yoast-seo-wordpress\/ -->\n<title>Badania magnetyczne lin - MRT - SASKERS<\/title>\n<meta name=\"description\" content=\"Masz konstrukcj\u0119 opart\u0105 na linach stalowych? Zr\u00f3b jej przegl\u0105d z SASKERS, z u\u017cyciem nieinwazyjnej techniki magnetycznej MRT!\" \/>\n<meta name=\"robots\" content=\"index, follow, max-snippet:-1, max-image-preview:large, max-video-preview:-1\" \/>\n<link rel=\"canonical\" href=\"https:\/\/www.saskers.com\/en\/oferta\/magnetyczne-badania-lin-stalowych-mrt\/\" \/>\n<meta property=\"og:locale\" content=\"en_GB\" \/>\n<meta property=\"og:type\" content=\"article\" \/>\n<meta property=\"og:title\" content=\"Badania magnetyczne lin - MRT - SASKERS\" \/>\n<meta property=\"og:description\" content=\"Masz konstrukcj\u0119 opart\u0105 na linach stalowych? Zr\u00f3b jej przegl\u0105d z SASKERS, z u\u017cyciem nieinwazyjnej techniki magnetycznej MRT!\" \/>\n<meta property=\"og:url\" content=\"https:\/\/www.saskers.com\/en\/oferta\/magnetyczne-badania-lin-stalowych-mrt\/\" \/>\n<meta property=\"og:site_name\" content=\"SASKERS\" \/>\n<meta property=\"article:publisher\" content=\"http:\/\/www.facebook.com\/saskersprace\/\" \/>\n<meta property=\"article:modified_time\" content=\"2025-03-23T16:55:37+00:00\" \/>\n<meta property=\"og:image\" content=\"https:\/\/www.saskers.com\/wp-content\/uploads\/2022\/03\/NAGL_liny.jpg\" \/>\n\t<meta property=\"og:image:width\" content=\"2000\" \/>\n\t<meta property=\"og:image:height\" content=\"500\" \/>\n\t<meta property=\"og:image:type\" content=\"image\/jpeg\" \/>\n<meta name=\"twitter:card\" content=\"summary_large_image\" \/>\n<meta name=\"twitter:label1\" content=\"Estimated reading time\" \/>\n\t<meta name=\"twitter:data1\" content=\"4 minutes\" \/>\n<script type=\"application\/ld+json\" class=\"yoast-schema-graph\">{\"@context\":\"https:\/\/schema.org\",\"@graph\":[{\"@type\":\"WebPage\",\"@id\":\"https:\/\/www.saskers.com\/oferta\/magnetyczne-badania-lin-stalowych-mrt\/\",\"url\":\"https:\/\/www.saskers.com\/oferta\/magnetyczne-badania-lin-stalowych-mrt\/\",\"name\":\"Badania magnetyczne lin - MRT - SASKERS\",\"isPartOf\":{\"@id\":\"https:\/\/www.saskers.com\/#website\"},\"primaryImageOfPage\":{\"@id\":\"https:\/\/www.saskers.com\/oferta\/magnetyczne-badania-lin-stalowych-mrt\/#primaryimage\"},\"image\":{\"@id\":\"https:\/\/www.saskers.com\/oferta\/magnetyczne-badania-lin-stalowych-mrt\/#primaryimage\"},\"thumbnailUrl\":\"https:\/\/www.saskers.com\/wp-content\/uploads\/2022\/03\/NAGL_liny.jpg\",\"datePublished\":\"2022-03-13T23:22:59+00:00\",\"dateModified\":\"2025-03-23T16:55:37+00:00\",\"description\":\"Masz konstrukcj\u0119 opart\u0105 na linach stalowych? Zr\u00f3b jej przegl\u0105d z SASKERS, z u\u017cyciem nieinwazyjnej techniki magnetycznej MRT!\",\"breadcrumb\":{\"@id\":\"https:\/\/www.saskers.com\/oferta\/magnetyczne-badania-lin-stalowych-mrt\/#breadcrumb\"},\"inLanguage\":\"en-GB\",\"potentialAction\":[{\"@type\":\"ReadAction\",\"target\":[\"https:\/\/www.saskers.com\/oferta\/magnetyczne-badania-lin-stalowych-mrt\/\"]}]},{\"@type\":\"ImageObject\",\"inLanguage\":\"en-GB\",\"@id\":\"https:\/\/www.saskers.com\/oferta\/magnetyczne-badania-lin-stalowych-mrt\/#primaryimage\",\"url\":\"https:\/\/www.saskers.com\/wp-content\/uploads\/2022\/03\/NAGL_liny.jpg\",\"contentUrl\":\"https:\/\/www.saskers.com\/wp-content\/uploads\/2022\/03\/NAGL_liny.jpg\",\"width\":2000,\"height\":500,\"caption\":\"badania lin stalowych z wykorzystaniem urz\u0105dzenia MRT\"},{\"@type\":\"BreadcrumbList\",\"@id\":\"https:\/\/www.saskers.com\/oferta\/magnetyczne-badania-lin-stalowych-mrt\/#breadcrumb\",\"itemListElement\":[{\"@type\":\"ListItem\",\"position\":1,\"name\":\"Strona g\u0142\u00f3wna\",\"item\":\"https:\/\/www.saskers.com\/\"},{\"@type\":\"ListItem\",\"position\":2,\"name\":\"Strona g\u0142\u00f3wna\",\"item\":\"https:\/\/www.saskers.com\/\"},{\"@type\":\"ListItem\",\"position\":3,\"name\":\"Badania magnetyczne lin &#8211; MRT\"}]},{\"@type\":\"WebSite\",\"@id\":\"https:\/\/www.saskers.com\/#website\",\"url\":\"https:\/\/www.saskers.com\/\",\"name\":\"SASKERS\",\"description\":\"My zrobimy to DOBRZE\",\"publisher\":{\"@id\":\"https:\/\/www.saskers.com\/#organization\"},\"potentialAction\":[{\"@type\":\"SearchAction\",\"target\":{\"@type\":\"EntryPoint\",\"urlTemplate\":\"https:\/\/www.saskers.com\/?s={search_term_string}\"},\"query-input\":{\"@type\":\"PropertyValueSpecification\",\"valueRequired\":true,\"valueName\":\"search_term_string\"}}],\"inLanguage\":\"en-GB\"},{\"@type\":\"Organization\",\"@id\":\"https:\/\/www.saskers.com\/#organization\",\"name\":\"SASKERS\",\"url\":\"https:\/\/www.saskers.com\/\",\"logo\":{\"@type\":\"ImageObject\",\"inLanguage\":\"en-GB\",\"@id\":\"https:\/\/www.saskers.com\/#\/schema\/logo\/image\/\",\"url\":\"https:\/\/www.saskers.com\/wp-content\/uploads\/2020\/12\/web-agency-logo-3.png\",\"contentUrl\":\"https:\/\/www.saskers.com\/wp-content\/uploads\/2020\/12\/web-agency-logo-3.png\",\"width\":200,\"height\":200,\"caption\":\"SASKERS\"},\"image\":{\"@id\":\"https:\/\/www.saskers.com\/#\/schema\/logo\/image\/\"},\"sameAs\":[\"http:\/\/www.facebook.com\/saskersprace\/\"]}]}<\/script>\n<!-- \/ Yoast SEO plugin. -->","yoast_head_json":{"title":"Badania magnetyczne lin - MRT - SASKERS","description":"Masz konstrukcj\u0119 opart\u0105 na linach stalowych? Zr\u00f3b jej przegl\u0105d z SASKERS, z u\u017cyciem nieinwazyjnej techniki magnetycznej MRT!","robots":{"index":"index","follow":"follow","max-snippet":"max-snippet:-1","max-image-preview":"max-image-preview:large","max-video-preview":"max-video-preview:-1"},"canonical":"https:\/\/www.saskers.com\/en\/oferta\/magnetyczne-badania-lin-stalowych-mrt\/","og_locale":"en_GB","og_type":"article","og_title":"Badania magnetyczne lin - MRT - SASKERS","og_description":"Masz konstrukcj\u0119 opart\u0105 na linach stalowych? Zr\u00f3b jej przegl\u0105d z SASKERS, z u\u017cyciem nieinwazyjnej techniki magnetycznej MRT!","og_url":"https:\/\/www.saskers.com\/en\/oferta\/magnetyczne-badania-lin-stalowych-mrt\/","og_site_name":"SASKERS","article_publisher":"http:\/\/www.facebook.com\/saskersprace\/","article_modified_time":"2025-03-23T16:55:37+00:00","og_image":[{"width":2000,"height":500,"url":"https:\/\/www.saskers.com\/wp-content\/uploads\/2022\/03\/NAGL_liny.jpg","type":"image\/jpeg"}],"twitter_card":"summary_large_image","twitter_misc":{"Estimated reading time":"4 minutes"},"schema":{"@context":"https:\/\/schema.org","@graph":[{"@type":"WebPage","@id":"https:\/\/www.saskers.com\/oferta\/magnetyczne-badania-lin-stalowych-mrt\/","url":"https:\/\/www.saskers.com\/oferta\/magnetyczne-badania-lin-stalowych-mrt\/","name":"Badania magnetyczne lin - MRT - SASKERS","isPartOf":{"@id":"https:\/\/www.saskers.com\/#website"},"primaryImageOfPage":{"@id":"https:\/\/www.saskers.com\/oferta\/magnetyczne-badania-lin-stalowych-mrt\/#primaryimage"},"image":{"@id":"https:\/\/www.saskers.com\/oferta\/magnetyczne-badania-lin-stalowych-mrt\/#primaryimage"},"thumbnailUrl":"https:\/\/www.saskers.com\/wp-content\/uploads\/2022\/03\/NAGL_liny.jpg","datePublished":"2022-03-13T23:22:59+00:00","dateModified":"2025-03-23T16:55:37+00:00","description":"Masz konstrukcj\u0119 opart\u0105 na linach stalowych? Zr\u00f3b jej przegl\u0105d z SASKERS, z u\u017cyciem nieinwazyjnej techniki magnetycznej MRT!","breadcrumb":{"@id":"https:\/\/www.saskers.com\/oferta\/magnetyczne-badania-lin-stalowych-mrt\/#breadcrumb"},"inLanguage":"en-GB","potentialAction":[{"@type":"ReadAction","target":["https:\/\/www.saskers.com\/oferta\/magnetyczne-badania-lin-stalowych-mrt\/"]}]},{"@type":"ImageObject","inLanguage":"en-GB","@id":"https:\/\/www.saskers.com\/oferta\/magnetyczne-badania-lin-stalowych-mrt\/#primaryimage","url":"https:\/\/www.saskers.com\/wp-content\/uploads\/2022\/03\/NAGL_liny.jpg","contentUrl":"https:\/\/www.saskers.com\/wp-content\/uploads\/2022\/03\/NAGL_liny.jpg","width":2000,"height":500,"caption":"badania lin stalowych z wykorzystaniem urz\u0105dzenia MRT"},{"@type":"BreadcrumbList","@id":"https:\/\/www.saskers.com\/oferta\/magnetyczne-badania-lin-stalowych-mrt\/#breadcrumb","itemListElement":[{"@type":"ListItem","position":1,"name":"Strona g\u0142\u00f3wna","item":"https:\/\/www.saskers.com\/"},{"@type":"ListItem","position":2,"name":"Strona g\u0142\u00f3wna","item":"https:\/\/www.saskers.com\/"},{"@type":"ListItem","position":3,"name":"Badania magnetyczne lin &#8211; MRT"}]},{"@type":"WebSite","@id":"https:\/\/www.saskers.com\/#website","url":"https:\/\/www.saskers.com\/","name":"SASKERS","description":"My zrobimy to DOBRZE","publisher":{"@id":"https:\/\/www.saskers.com\/#organization"},"potentialAction":[{"@type":"SearchAction","target":{"@type":"EntryPoint","urlTemplate":"https:\/\/www.saskers.com\/?s={search_term_string}"},"query-input":{"@type":"PropertyValueSpecification","valueRequired":true,"valueName":"search_term_string"}}],"inLanguage":"en-GB"},{"@type":"Organization","@id":"https:\/\/www.saskers.com\/#organization","name":"SASKERS","url":"https:\/\/www.saskers.com\/","logo":{"@type":"ImageObject","inLanguage":"en-GB","@id":"https:\/\/www.saskers.com\/#\/schema\/logo\/image\/","url":"https:\/\/www.saskers.com\/wp-content\/uploads\/2020\/12\/web-agency-logo-3.png","contentUrl":"https:\/\/www.saskers.com\/wp-content\/uploads\/2020\/12\/web-agency-logo-3.png","width":200,"height":200,"caption":"SASKERS"},"image":{"@id":"https:\/\/www.saskers.com\/#\/schema\/logo\/image\/"},"sameAs":["http:\/\/www.facebook.com\/saskersprace\/"]}]}},"rttpg_featured_image_url":{"full":["https:\/\/www.saskers.com\/wp-content\/uploads\/2022\/03\/NAGL_liny.jpg",2000,500,false],"landscape":["https:\/\/www.saskers.com\/wp-content\/uploads\/2022\/03\/NAGL_liny.jpg",2000,500,false],"portraits":["https:\/\/www.saskers.com\/wp-content\/uploads\/2022\/03\/NAGL_liny.jpg",2000,500,false],"thumbnail":["https:\/\/www.saskers.com\/wp-content\/uploads\/2022\/03\/NAGL_liny-480x280.jpg",100,58,true],"medium":["https:\/\/www.saskers.com\/wp-content\/uploads\/2022\/03\/NAGL_liny-632x158.jpg",632,158,true],"large":["https:\/\/www.saskers.com\/wp-content\/uploads\/2022\/03\/NAGL_liny-1020x255.jpg",1020,255,true],"1536x1536":["https:\/\/www.saskers.com\/wp-content\/uploads\/2022\/03\/NAGL_liny-1536x384.jpg",1536,384,true],"2048x2048":["https:\/\/www.saskers.com\/wp-content\/uploads\/2022\/03\/NAGL_liny.jpg",2000,500,false],"trp-custom-language-flag":["https:\/\/www.saskers.com\/wp-content\/uploads\/2022\/03\/NAGL_liny-18x5.jpg",18,5,true],"neve-blog":["https:\/\/www.saskers.com\/wp-content\/uploads\/2022\/03\/NAGL_liny.jpg",930,233,false]},"rttpg_author":{"display_name":"Wu Mat\u0142acki","author_link":"https:\/\/www.saskers.com\/en\/author\/adminsaskers\/"},"rttpg_comment":0,"rttpg_category":null,"rttpg_excerpt":"Liny stalowe odgrywaj\u0105 niezwykle istotn\u0105 rol\u0119 w konstrukcjach stalowych, pe\u0142ni\u0105c funkcj\u0119 no\u015bn\u0105 i wp\u0142ywaj\u0105c bezpo\u015brednio na bezpiecze\u0144stwo oraz trwa\u0142o\u015b\u0107 tych konstrukcji. Dlatego zachowanie ich idealnej kondycji jest nie tylko wa\u017cne, ale wr\u0119cz kluczowe. Warto zrozumie\u0107, \u017ce stan techniczny lin stalowych mo\u017ce wp\u0142ywa\u0107 na ca\u0142\u0105 konstrukcj\u0119, dlatego te\u017c regularne przegl\u0105dy i serwisowanie s\u0105 niezb\u0119dne. Jednak\u017ce, cz\u0119sto&hellip;&nbsp;Read&hellip;","_links":{"self":[{"href":"https:\/\/www.saskers.com\/en\/wp-json\/wp\/v2\/pages\/1302","targetHints":{"allow":["GET"]}}],"collection":[{"href":"https:\/\/www.saskers.com\/en\/wp-json\/wp\/v2\/pages"}],"about":[{"href":"https:\/\/www.saskers.com\/en\/wp-json\/wp\/v2\/types\/page"}],"author":[{"embeddable":true,"href":"https:\/\/www.saskers.com\/en\/wp-json\/wp\/v2\/users\/2"}],"replies":[{"embeddable":true,"href":"https:\/\/www.saskers.com\/en\/wp-json\/wp\/v2\/comments?post=1302"}],"version-history":[{"count":13,"href":"https:\/\/www.saskers.com\/en\/wp-json\/wp\/v2\/pages\/1302\/revisions"}],"predecessor-version":[{"id":1946,"href":"https:\/\/www.saskers.com\/en\/wp-json\/wp\/v2\/pages\/1302\/revisions\/1946"}],"up":[{"embeddable":true,"href":"https:\/\/www.saskers.com\/en\/wp-json\/wp\/v2\/pages\/12"}],"wp:featuredmedia":[{"embeddable":true,"href":"https:\/\/www.saskers.com\/en\/wp-json\/wp\/v2\/media\/1308"}],"wp:attachment":[{"href":"https:\/\/www.saskers.com\/en\/wp-json\/wp\/v2\/media?parent=1302"}],"curies":[{"name":"wp","href":"https:\/\/api.w.org\/{rel}","templated":true}]}}