{"id":973,"date":"2019-06-25T23:20:12","date_gmt":"2019-06-25T21:20:12","guid":{"rendered":"https:\/\/www.saskers.com\/?page_id=973"},"modified":"2023-01-28T22:06:46","modified_gmt":"2023-01-28T21:06:46","slug":"dachy","status":"publish","type":"page","link":"https:\/\/www.saskers.com\/en\/oferta\/dachy\/","title":{"rendered":"Roof waterproofing &amp; thermal insulation"},"content":{"rendered":"<p>Oferujemy Pa\u0144stwu aplikacj\u0119 na dachach elastomerowego systemu polimocznikowego, zapewniaj\u0105cego d\u0142ugotrwa\u0142\u0105 ochron\u0119 r\u00f3\u017cnorodnych powierzchni. Zapraszamy do kontaktu z nami po wi\u0119cej informacji oraz wycen\u0119 prac.<\/p>\n<h3>ZALETY<\/h3>\n<ul>\n<li>zerowa absorpcja wody<\/li>\n<li>odbijanie &gt;80% promieni s\u0142onecznych<\/li>\n<li>doskona\u0142a odporno\u015b\u0107 na wczesny opad deszczu<\/li>\n<li>d\u0142ugi okres trwa\u0142o\u015bci<\/li>\n<li>d\u0142ugotrwa\u0142a odporno\u015b\u0107 na UV<\/li>\n<li>wyj\u0105tkowe w\u0142a\u015bciwo\u015bci mechaniczne<\/li>\n<li>doskona\u0142a przyczepno\u015b\u0107 na r\u00f3\u017cnorodnych pod\u0142o\u017cach<\/li>\n<li>aplikacja wa\u0142kiem, p\u0119dzlem lub natryskiem bezpowietrznym<\/li>\n<\/ul>\n<div id='gallery-1' class='gallery galleryid-973 gallery-columns-6 gallery-size-thumbnail'><figure class='gallery-item'>\n\t\t\t<div class='gallery-icon landscape'>\n\t\t\t\t<a href='https:\/\/www.saskers.com\/wp-content\/uploads\/2019\/06\/dachy_06.jpg' rel=\"lightbox[973]\"><img loading=\"lazy\" decoding=\"async\" width=\"100\" height=\"58\" src=\"https:\/\/www.saskers.com\/wp-content\/uploads\/2019\/06\/dachy_06-480x280.jpg\" class=\"attachment-thumbnail size-thumbnail\" alt=\"\" \/><\/a>\n\t\t\t<\/div><\/figure><figure class='gallery-item'>\n\t\t\t<div class='gallery-icon landscape'>\n\t\t\t\t<a href='https:\/\/www.saskers.com\/wp-content\/uploads\/2019\/06\/dachy_05.jpg' rel=\"lightbox[973]\"><img loading=\"lazy\" decoding=\"async\" width=\"100\" height=\"58\" src=\"https:\/\/www.saskers.com\/wp-content\/uploads\/2019\/06\/dachy_05-480x280.jpg\" class=\"attachment-thumbnail size-thumbnail\" alt=\"\" \/><\/a>\n\t\t\t<\/div><\/figure><figure class='gallery-item'>\n\t\t\t<div class='gallery-icon landscape'>\n\t\t\t\t<a href='https:\/\/www.saskers.com\/wp-content\/uploads\/2019\/06\/dachy_04.jpg' rel=\"lightbox[973]\"><img loading=\"lazy\" decoding=\"async\" width=\"100\" height=\"58\" src=\"https:\/\/www.saskers.com\/wp-content\/uploads\/2019\/06\/dachy_04-480x280.jpg\" class=\"attachment-thumbnail size-thumbnail\" alt=\"\" \/><\/a>\n\t\t\t<\/div><\/figure><figure class='gallery-item'>\n\t\t\t<div class='gallery-icon landscape'>\n\t\t\t\t<a href='https:\/\/www.saskers.com\/wp-content\/uploads\/2019\/06\/dachy_03.jpg' rel=\"lightbox[973]\"><img loading=\"lazy\" decoding=\"async\" width=\"100\" height=\"58\" src=\"https:\/\/www.saskers.com\/wp-content\/uploads\/2019\/06\/dachy_03-480x280.jpg\" class=\"attachment-thumbnail size-thumbnail\" alt=\"\" \/><\/a>\n\t\t\t<\/div><\/figure><figure class='gallery-item'>\n\t\t\t<div class='gallery-icon landscape'>\n\t\t\t\t<a href='https:\/\/www.saskers.com\/wp-content\/uploads\/2019\/06\/dachy_02.jpg' rel=\"lightbox[973]\"><img loading=\"lazy\" decoding=\"async\" width=\"100\" height=\"58\" src=\"https:\/\/www.saskers.com\/wp-content\/uploads\/2019\/06\/dachy_02-480x280.jpg\" class=\"attachment-thumbnail size-thumbnail\" alt=\"\" \/><\/a>\n\t\t\t<\/div><\/figure><figure class='gallery-item'>\n\t\t\t<div class='gallery-icon landscape'>\n\t\t\t\t<a href='https:\/\/www.saskers.com\/wp-content\/uploads\/2019\/06\/dachy_01.jpg' rel=\"lightbox[973]\"><img loading=\"lazy\" decoding=\"async\" width=\"100\" height=\"58\" src=\"https:\/\/www.saskers.com\/wp-content\/uploads\/2019\/06\/dachy_01-480x280.jpg\" class=\"attachment-thumbnail size-thumbnail\" alt=\"\" \/><\/a>\n\t\t\t<\/div><\/figure>\n\t\t<\/div>\n\n<h3>ZASTOSOWANIA<\/h3>\n<ul>\n<li>stropodachy betonowe<\/li>\n<li>pod\u0142o\u017ca metalowe<\/li>\n<li>dachy kryte pap\u0105<\/li>\n<li>pokrywanie starych pow\u0142ok dachowych i poliuretanowych<\/li>\n<li>pokrywanie piany PUR<\/li>\n<li>zbiorniki na wod\u0119 (nie pitn\u0105)<\/li>\n<li>fundamenty<\/li>\n<li>hydroizolacja pod p\u0142ytki<\/li>\n<li>podziemne cz\u0119\u015bci \u015bcian<\/li>\n<\/ul>\n","protected":false},"excerpt":{"rendered":"<p>Oferujemy Pa\u0144stwu aplikacj\u0119 na dachach elastomerowego systemu polimocznikowego, zapewniaj\u0105cego d\u0142ugotrwa\u0142\u0105 ochron\u0119 r\u00f3\u017cnorodnych powierzchni. Zapraszamy do kontaktu z nami po wi\u0119cej informacji oraz wycen\u0119 prac. ZALETY zerowa absorpcja wody odbijanie &gt;80% promieni s\u0142onecznych doskona\u0142a odporno\u015b\u0107 na wczesny opad deszczu d\u0142ugi okres trwa\u0142o\u015bci d\u0142ugotrwa\u0142a odporno\u015b\u0107 na UV wyj\u0105tkowe w\u0142a\u015bciwo\u015bci mechaniczne doskona\u0142a przyczepno\u015b\u0107 na r\u00f3\u017cnorodnych pod\u0142o\u017cach aplikacja wa\u0142kiem,&hellip;&nbsp;<a href=\"https:\/\/www.saskers.com\/en\/oferta\/dachy\/\" rel=\"bookmark\">Read More &raquo;<span class=\"screen-reader-text\">Roof waterproofing &amp; thermal insulation<\/span><\/a><\/p>","protected":false},"author":2,"featured_media":992,"parent":12,"menu_order":0,"comment_status":"closed","ping_status":"closed","template":"page-template\/_fullwidth.php","meta":{"_crdt_document":"","neve_meta_sidebar":"","neve_meta_container":"","neve_meta_enable_content_width":"","neve_meta_content_width":0,"neve_meta_title_alignment":"","neve_meta_author_avatar":"","neve_post_elements_order":"","neve_meta_disable_header":"","neve_meta_disable_footer":"","neve_meta_disable_title":"","footnotes":""},"class_list":["post-973","page","type-page","status-publish","has-post-thumbnail","hentry"],"yoast_head":"<!-- This site is optimized with the Yoast SEO plugin v27.1.1 - https:\/\/yoast.com\/product\/yoast-seo-wordpress\/ -->\n<title>Hydro- i termoizolacja dach\u00f3w - SASKERS<\/title>\n<meta name=\"robots\" content=\"index, follow, max-snippet:-1, max-image-preview:large, max-video-preview:-1\" \/>\n<link rel=\"canonical\" href=\"https:\/\/www.saskers.com\/en\/oferta\/dachy\/\" \/>\n<meta property=\"og:locale\" content=\"en_GB\" \/>\n<meta property=\"og:type\" content=\"article\" \/>\n<meta property=\"og:title\" content=\"Hydro- i termoizolacja dach\u00f3w - SASKERS\" \/>\n<meta property=\"og:description\" content=\"Oferujemy Pa\u0144stwu aplikacj\u0119 na dachach elastomerowego systemu polimocznikowego, zapewniaj\u0105cego d\u0142ugotrwa\u0142\u0105 ochron\u0119 r\u00f3\u017cnorodnych powierzchni. Zapraszamy do kontaktu z nami po wi\u0119cej informacji oraz wycen\u0119 prac. ZALETY zerowa absorpcja wody odbijanie &gt;80% promieni s\u0142onecznych doskona\u0142a odporno\u015b\u0107 na wczesny opad deszczu d\u0142ugi okres trwa\u0142o\u015bci d\u0142ugotrwa\u0142a odporno\u015b\u0107 na UV wyj\u0105tkowe w\u0142a\u015bciwo\u015bci mechaniczne doskona\u0142a przyczepno\u015b\u0107 na r\u00f3\u017cnorodnych pod\u0142o\u017cach aplikacja wa\u0142kiem,&hellip;&nbsp;Read More &raquo;Hydro- i termoizolacja dach\u00f3w\" \/>\n<meta property=\"og:url\" content=\"https:\/\/www.saskers.com\/en\/oferta\/dachy\/\" \/>\n<meta property=\"og:site_name\" content=\"SASKERS\" \/>\n<meta property=\"article:publisher\" content=\"http:\/\/www.facebook.com\/saskersprace\/\" \/>\n<meta property=\"article:modified_time\" content=\"2023-01-28T21:06:46+00:00\" \/>\n<meta property=\"og:image\" content=\"https:\/\/www.saskers.com\/wp-content\/uploads\/2019\/06\/dachy_feat.jpg\" \/>\n\t<meta property=\"og:image:width\" content=\"800\" \/>\n\t<meta property=\"og:image:height\" content=\"200\" \/>\n\t<meta property=\"og:image:type\" content=\"image\/jpeg\" \/>\n<meta name=\"twitter:card\" content=\"summary_large_image\" \/>\n<meta name=\"twitter:label1\" content=\"Estimated reading time\" \/>\n\t<meta name=\"twitter:data1\" content=\"1 minute\" \/>\n<script type=\"application\/ld+json\" class=\"yoast-schema-graph\">{\"@context\":\"https:\/\/schema.org\",\"@graph\":[{\"@type\":\"WebPage\",\"@id\":\"https:\/\/www.saskers.com\/oferta\/dachy\/\",\"url\":\"https:\/\/www.saskers.com\/oferta\/dachy\/\",\"name\":\"Hydro- i termoizolacja dach\u00f3w - SASKERS\",\"isPartOf\":{\"@id\":\"https:\/\/www.saskers.com\/#website\"},\"primaryImageOfPage\":{\"@id\":\"https:\/\/www.saskers.com\/oferta\/dachy\/#primaryimage\"},\"image\":{\"@id\":\"https:\/\/www.saskers.com\/oferta\/dachy\/#primaryimage\"},\"thumbnailUrl\":\"https:\/\/www.saskers.com\/wp-content\/uploads\/2019\/06\/dachy_feat.jpg\",\"datePublished\":\"2019-06-25T21:20:12+00:00\",\"dateModified\":\"2023-01-28T21:06:46+00:00\",\"breadcrumb\":{\"@id\":\"https:\/\/www.saskers.com\/oferta\/dachy\/#breadcrumb\"},\"inLanguage\":\"en-GB\",\"potentialAction\":[{\"@type\":\"ReadAction\",\"target\":[\"https:\/\/www.saskers.com\/oferta\/dachy\/\"]}]},{\"@type\":\"ImageObject\",\"inLanguage\":\"en-GB\",\"@id\":\"https:\/\/www.saskers.com\/oferta\/dachy\/#primaryimage\",\"url\":\"https:\/\/www.saskers.com\/wp-content\/uploads\/2019\/06\/dachy_feat.jpg\",\"contentUrl\":\"https:\/\/www.saskers.com\/wp-content\/uploads\/2019\/06\/dachy_feat.jpg\",\"width\":800,\"height\":200},{\"@type\":\"BreadcrumbList\",\"@id\":\"https:\/\/www.saskers.com\/oferta\/dachy\/#breadcrumb\",\"itemListElement\":[{\"@type\":\"ListItem\",\"position\":1,\"name\":\"Strona g\u0142\u00f3wna\",\"item\":\"https:\/\/www.saskers.com\/\"},{\"@type\":\"ListItem\",\"position\":2,\"name\":\"Strona g\u0142\u00f3wna\",\"item\":\"https:\/\/www.saskers.com\/\"},{\"@type\":\"ListItem\",\"position\":3,\"name\":\"Hydro- i termoizolacja dach\u00f3w\"}]},{\"@type\":\"WebSite\",\"@id\":\"https:\/\/www.saskers.com\/#website\",\"url\":\"https:\/\/www.saskers.com\/\",\"name\":\"SASKERS\",\"description\":\"My zrobimy to DOBRZE\",\"publisher\":{\"@id\":\"https:\/\/www.saskers.com\/#organization\"},\"potentialAction\":[{\"@type\":\"SearchAction\",\"target\":{\"@type\":\"EntryPoint\",\"urlTemplate\":\"https:\/\/www.saskers.com\/?s={search_term_string}\"},\"query-input\":{\"@type\":\"PropertyValueSpecification\",\"valueRequired\":true,\"valueName\":\"search_term_string\"}}],\"inLanguage\":\"en-GB\"},{\"@type\":\"Organization\",\"@id\":\"https:\/\/www.saskers.com\/#organization\",\"name\":\"SASKERS\",\"url\":\"https:\/\/www.saskers.com\/\",\"logo\":{\"@type\":\"ImageObject\",\"inLanguage\":\"en-GB\",\"@id\":\"https:\/\/www.saskers.com\/#\/schema\/logo\/image\/\",\"url\":\"https:\/\/www.saskers.com\/wp-content\/uploads\/2020\/12\/web-agency-logo-3.png\",\"contentUrl\":\"https:\/\/www.saskers.com\/wp-content\/uploads\/2020\/12\/web-agency-logo-3.png\",\"width\":200,\"height\":200,\"caption\":\"SASKERS\"},\"image\":{\"@id\":\"https:\/\/www.saskers.com\/#\/schema\/logo\/image\/\"},\"sameAs\":[\"http:\/\/www.facebook.com\/saskersprace\/\"]}]}<\/script>\n<!-- \/ Yoast SEO plugin. -->","yoast_head_json":{"title":"Hydro- i termoizolacja dach\u00f3w - SASKERS","robots":{"index":"index","follow":"follow","max-snippet":"max-snippet:-1","max-image-preview":"max-image-preview:large","max-video-preview":"max-video-preview:-1"},"canonical":"https:\/\/www.saskers.com\/en\/oferta\/dachy\/","og_locale":"en_GB","og_type":"article","og_title":"Hydro- i termoizolacja dach\u00f3w - SASKERS","og_description":"Oferujemy Pa\u0144stwu aplikacj\u0119 na dachach elastomerowego systemu polimocznikowego, zapewniaj\u0105cego d\u0142ugotrwa\u0142\u0105 ochron\u0119 r\u00f3\u017cnorodnych powierzchni. Zapraszamy do kontaktu z nami po wi\u0119cej informacji oraz wycen\u0119 prac. ZALETY zerowa absorpcja wody odbijanie &gt;80% promieni s\u0142onecznych doskona\u0142a odporno\u015b\u0107 na wczesny opad deszczu d\u0142ugi okres trwa\u0142o\u015bci d\u0142ugotrwa\u0142a odporno\u015b\u0107 na UV wyj\u0105tkowe w\u0142a\u015bciwo\u015bci mechaniczne doskona\u0142a przyczepno\u015b\u0107 na r\u00f3\u017cnorodnych pod\u0142o\u017cach aplikacja wa\u0142kiem,&hellip;&nbsp;Read More &raquo;Hydro- i termoizolacja dach\u00f3w","og_url":"https:\/\/www.saskers.com\/en\/oferta\/dachy\/","og_site_name":"SASKERS","article_publisher":"http:\/\/www.facebook.com\/saskersprace\/","article_modified_time":"2023-01-28T21:06:46+00:00","og_image":[{"width":800,"height":200,"url":"https:\/\/www.saskers.com\/wp-content\/uploads\/2019\/06\/dachy_feat.jpg","type":"image\/jpeg"}],"twitter_card":"summary_large_image","twitter_misc":{"Estimated reading time":"1 minute"},"schema":{"@context":"https:\/\/schema.org","@graph":[{"@type":"WebPage","@id":"https:\/\/www.saskers.com\/oferta\/dachy\/","url":"https:\/\/www.saskers.com\/oferta\/dachy\/","name":"Hydro- i termoizolacja dach\u00f3w - SASKERS","isPartOf":{"@id":"https:\/\/www.saskers.com\/#website"},"primaryImageOfPage":{"@id":"https:\/\/www.saskers.com\/oferta\/dachy\/#primaryimage"},"image":{"@id":"https:\/\/www.saskers.com\/oferta\/dachy\/#primaryimage"},"thumbnailUrl":"https:\/\/www.saskers.com\/wp-content\/uploads\/2019\/06\/dachy_feat.jpg","datePublished":"2019-06-25T21:20:12+00:00","dateModified":"2023-01-28T21:06:46+00:00","breadcrumb":{"@id":"https:\/\/www.saskers.com\/oferta\/dachy\/#breadcrumb"},"inLanguage":"en-GB","potentialAction":[{"@type":"ReadAction","target":["https:\/\/www.saskers.com\/oferta\/dachy\/"]}]},{"@type":"ImageObject","inLanguage":"en-GB","@id":"https:\/\/www.saskers.com\/oferta\/dachy\/#primaryimage","url":"https:\/\/www.saskers.com\/wp-content\/uploads\/2019\/06\/dachy_feat.jpg","contentUrl":"https:\/\/www.saskers.com\/wp-content\/uploads\/2019\/06\/dachy_feat.jpg","width":800,"height":200},{"@type":"BreadcrumbList","@id":"https:\/\/www.saskers.com\/oferta\/dachy\/#breadcrumb","itemListElement":[{"@type":"ListItem","position":1,"name":"Strona g\u0142\u00f3wna","item":"https:\/\/www.saskers.com\/"},{"@type":"ListItem","position":2,"name":"Strona g\u0142\u00f3wna","item":"https:\/\/www.saskers.com\/"},{"@type":"ListItem","position":3,"name":"Hydro- i termoizolacja dach\u00f3w"}]},{"@type":"WebSite","@id":"https:\/\/www.saskers.com\/#website","url":"https:\/\/www.saskers.com\/","name":"SASKERS","description":"My zrobimy to DOBRZE","publisher":{"@id":"https:\/\/www.saskers.com\/#organization"},"potentialAction":[{"@type":"SearchAction","target":{"@type":"EntryPoint","urlTemplate":"https:\/\/www.saskers.com\/?s={search_term_string}"},"query-input":{"@type":"PropertyValueSpecification","valueRequired":true,"valueName":"search_term_string"}}],"inLanguage":"en-GB"},{"@type":"Organization","@id":"https:\/\/www.saskers.com\/#organization","name":"SASKERS","url":"https:\/\/www.saskers.com\/","logo":{"@type":"ImageObject","inLanguage":"en-GB","@id":"https:\/\/www.saskers.com\/#\/schema\/logo\/image\/","url":"https:\/\/www.saskers.com\/wp-content\/uploads\/2020\/12\/web-agency-logo-3.png","contentUrl":"https:\/\/www.saskers.com\/wp-content\/uploads\/2020\/12\/web-agency-logo-3.png","width":200,"height":200,"caption":"SASKERS"},"image":{"@id":"https:\/\/www.saskers.com\/#\/schema\/logo\/image\/"},"sameAs":["http:\/\/www.facebook.com\/saskersprace\/"]}]}},"rttpg_featured_image_url":{"full":["https:\/\/www.saskers.com\/wp-content\/uploads\/2019\/06\/dachy_feat.jpg",800,200,false],"landscape":["https:\/\/www.saskers.com\/wp-content\/uploads\/2019\/06\/dachy_feat.jpg",800,200,false],"portraits":["https:\/\/www.saskers.com\/wp-content\/uploads\/2019\/06\/dachy_feat.jpg",800,200,false],"thumbnail":["https:\/\/www.saskers.com\/wp-content\/uploads\/2019\/06\/dachy_feat-480x200.jpg",100,42,true],"medium":["https:\/\/www.saskers.com\/wp-content\/uploads\/2019\/06\/dachy_feat-632x158.jpg",632,158,true],"large":["https:\/\/www.saskers.com\/wp-content\/uploads\/2019\/06\/dachy_feat.jpg",800,200,false],"1536x1536":["https:\/\/www.saskers.com\/wp-content\/uploads\/2019\/06\/dachy_feat.jpg",800,200,false],"2048x2048":["https:\/\/www.saskers.com\/wp-content\/uploads\/2019\/06\/dachy_feat.jpg",800,200,false],"trp-custom-language-flag":["https:\/\/www.saskers.com\/wp-content\/uploads\/2019\/06\/dachy_feat.jpg",18,5,false],"neve-blog":["https:\/\/www.saskers.com\/wp-content\/uploads\/2019\/06\/dachy_feat.jpg",800,200,false]},"rttpg_author":{"display_name":"Wu Mat\u0142acki","author_link":"https:\/\/www.saskers.com\/en\/author\/adminsaskers\/"},"rttpg_comment":0,"rttpg_category":null,"rttpg_excerpt":"Oferujemy Pa\u0144stwu aplikacj\u0119 na dachach elastomerowego systemu polimocznikowego, zapewniaj\u0105cego d\u0142ugotrwa\u0142\u0105 ochron\u0119 r\u00f3\u017cnorodnych powierzchni. Zapraszamy do kontaktu z nami po wi\u0119cej informacji oraz wycen\u0119 prac. ZALETY zerowa absorpcja wody odbijanie &gt;80% promieni s\u0142onecznych doskona\u0142a odporno\u015b\u0107 na wczesny opad deszczu d\u0142ugi okres trwa\u0142o\u015bci d\u0142ugotrwa\u0142a odporno\u015b\u0107 na UV wyj\u0105tkowe w\u0142a\u015bciwo\u015bci mechaniczne doskona\u0142a przyczepno\u015b\u0107 na r\u00f3\u017cnorodnych pod\u0142o\u017cach aplikacja wa\u0142kiem,&hellip;&nbsp;Read&hellip;","_links":{"self":[{"href":"https:\/\/www.saskers.com\/en\/wp-json\/wp\/v2\/pages\/973","targetHints":{"allow":["GET"]}}],"collection":[{"href":"https:\/\/www.saskers.com\/en\/wp-json\/wp\/v2\/pages"}],"about":[{"href":"https:\/\/www.saskers.com\/en\/wp-json\/wp\/v2\/types\/page"}],"author":[{"embeddable":true,"href":"https:\/\/www.saskers.com\/en\/wp-json\/wp\/v2\/users\/2"}],"replies":[{"embeddable":true,"href":"https:\/\/www.saskers.com\/en\/wp-json\/wp\/v2\/comments?post=973"}],"version-history":[{"count":5,"href":"https:\/\/www.saskers.com\/en\/wp-json\/wp\/v2\/pages\/973\/revisions"}],"predecessor-version":[{"id":994,"href":"https:\/\/www.saskers.com\/en\/wp-json\/wp\/v2\/pages\/973\/revisions\/994"}],"up":[{"embeddable":true,"href":"https:\/\/www.saskers.com\/en\/wp-json\/wp\/v2\/pages\/12"}],"wp:featuredmedia":[{"embeddable":true,"href":"https:\/\/www.saskers.com\/en\/wp-json\/wp\/v2\/media\/992"}],"wp:attachment":[{"href":"https:\/\/www.saskers.com\/en\/wp-json\/wp\/v2\/media?parent=973"}],"curies":[{"name":"wp","href":"https:\/\/api.w.org\/{rel}","templated":true}]}}